{"id":2803,"date":"2015-12-09T12:19:53","date_gmt":"2015-12-09T11:19:53","guid":{"rendered":"https:\/\/rafalsonik.pl\/biografia\/w-skrocie\/"},"modified":"2017-04-22T17:36:46","modified_gmt":"2017-04-22T15:36:46","slug":"in-brief","status":"publish","type":"page","link":"https:\/\/rafalsonik.pl\/en\/biography\/in-brief\/","title":{"rendered":"In brief"},"content":{"rendered":"<p>Name: <strong>RAFA\u0141 SONIK<\/strong><br \/>\nDOB: 3.06.1966<br \/>\nBirth place: Krak\u00f3w<\/p>\n<p><strong>INTERNATIONAL SPORT ACHIEVEMENTS<\/strong><\/p>\n<p><img decoding=\"async\" class=\"img-responsive\" style=\"height: 150px;\" src=\"\/wp-content\/uploads\/2015\/12\/dakar-logo.svg\" alt=\"logo dakar\" \/><br \/>\n<strong>DAKAR RALLY:<\/strong><\/p>\n<p>IN QUAD CATEGORY:<br \/>\n2017 &#8211; IV PLACE<br \/>\n2015 &#8211; I PLACE<br \/>\n2014 &#8211; II PLACE<br \/>\n2013 &#8211; III PLACE<br \/>\n2012 &#8211; IV PLACE<br \/>\n2010 &#8211; V PLACE<br \/>\n2009 &#8211; III PLACE<br \/>\n<img decoding=\"async\" class=\"img-responsive\" style=\"height: 80px;\" src=\"\/wp-content\/uploads\/2015\/12\/fim-logo.svg\" alt=\"logo fim\" \/><br \/>\n<strong>FIM WORLD CUP:<\/strong><\/p>\n<p><strong>2017<\/strong><\/p>\n<p>Rally Abu Dhabi &#8211; VIII PLACE<br \/>\nRally Qatar &#8211; I PLACE<br \/>\nRally Chile &#8211;<br \/>\nRally Morocco &#8211;<\/p>\n<p><strong>2016 <\/strong><\/p>\n<p>1ST PLACE IN THE OVERALL CLASSIFICATION<br \/>\nRally Abu Dhabi &#8211; I PLACE<br \/>\nRally Qatar &#8211; II PLACE<br \/>\nRally Sardinia &#8211; II PLACE<br \/>\nRally Chile &#8211; I PLACE<br \/>\nRally Morocco &#8211; II PLACE<\/p>\n<p><strong>2015 <\/strong><\/p>\n<p>1ST PLACE IN THE OVERALL CLASSIFICATION<br \/>\nRally Abu Dhabi &#8211; II PLACE<br \/>\nRally Qatar &#8211; I PLACE<br \/>\nRally Egypt &#8211; II PLACE<br \/>\nRally Sardinia &#8211; I PLACE<br \/>\nRally Chile &#8211; II PLACE<br \/>\nRally Morocco &#8211; I PLACE<\/p>\n<p><strong>2014 <\/strong><\/p>\n<p>1ST PLACE IN THE OVERALL CLASSIFICATION<br \/>\nRally Abu Dhabi &#8211; I PLACE<br \/>\nRally Qatar &#8211; II PLACE<br \/>\nRally Egypt &#8211; I PLACE<br \/>\nRally Sardinia &#8211; I PLACE<br \/>\nRally Brazil &#8211; II PLACE<br \/>\nRally Morocco &#8211; I PLACE<\/p>\n<p><strong>2013 <\/strong><\/p>\n<p>1ST PLACE IN THE OVERALL CLASSIFICATION<br \/>\nRally Abu Dhabi &#8211; III PLACE<br \/>\nRally Qatar &#8211; I PLACE<br \/>\nRally Sardinia &#8211; I PLACE<br \/>\nRally Argentina &#8211; I PLACE<br \/>\nRally Brazil &#8211; IV PLACE<br \/>\nRally Morocco &#8211; I PLACE<\/p>\n<p><strong>2012 <\/strong><\/p>\n<p>2ND PLACE IN THE OVERALL CLASSIFICATION<br \/>\nRally Abu Dhabi &#8211; VIII PLACE<br \/>\nRally Qatar &#8211; I PLACE<br \/>\nRally Sardinia &#8211; II PLACE<br \/>\nRally Egypt &#8211; II PLACE<\/p>\n<p><strong>2010<\/strong><\/p>\n<p>1ST PLACE IN THE OVERALL CLASSIFICATION<br \/>\nRally Abu Dhabi &#8211; IV PLACE<br \/>\nRally Tunisia &#8211; I PLACE<br \/>\nRally Sardinia &#8211; II PLACE<br \/>\nRally Brazil &#8211; I PLACE<br \/>\nRally Egypt &#8211; II PLACE<\/p>\n<p>&nbsp;<\/p>\n<p><strong>NATIONAL SPORT ACHIEVEMENTS<\/strong><\/p>\n<p><strong>Enduro Polish Championships, 2k class<\/strong> (2003, 2004, 2005, 2007, 2008)<br \/>\n<strong>Motocross Polish Championships<\/strong>, Quad Open class (2005)<br \/>\n<strong>1st place in Cross-Country QuadPolish Cup.<\/strong><\/p>\n","protected":false},"excerpt":{"rendered":"<p>Name: RAFA\u0141 SONIK DOB: 3.06.1966 Birth place: Krak\u00f3w INTERNATIONAL SPORT ACHIEVEMENTS DAKAR RALLY: IN QUAD CATEGORY: 2017 &#8211; IV PLACE 2015 &#8211; I PLACE 2014 &#8211; II PLACE 2013 &#8211; III PLACE 2012 &#8211; IV PLACE 2010 &#8211; V PLACE 2009 &#8211; III PLACE FIM WORLD CUP: 2017 Rally Abu Dhabi &#8211; VIII PLACE Rally [&hellip;]<\/p>\n","protected":false},"author":1,"featured_media":0,"parent":2800,"menu_order":1,"comment_status":"open","ping_status":"open","template":"","meta":{"_links_to":"","_links_to_target":""},"acf":[],"yoast_head":"<!-- This site is optimized with the Yoast SEO plugin v19.14 - https:\/\/yoast.com\/wordpress\/plugins\/seo\/ -->\n<title>In brief - Rafa\u0142 Sonik<\/title>\n<meta name=\"robots\" content=\"index, follow, max-snippet:-1, max-image-preview:large, max-video-preview:-1\" \/>\n<link rel=\"canonical\" href=\"https:\/\/rafalsonik.pl\/en\/biography\/in-brief\/\" \/>\n<meta property=\"og:locale\" content=\"en_US\" \/>\n<meta property=\"og:type\" content=\"article\" \/>\n<meta property=\"og:title\" content=\"In brief - Rafa\u0142 Sonik\" \/>\n<meta property=\"og:description\" content=\"Name: RAFA\u0141 SONIK DOB: 3.06.1966 Birth place: Krak\u00f3w INTERNATIONAL SPORT ACHIEVEMENTS DAKAR RALLY: IN QUAD CATEGORY: 2017 &#8211; IV PLACE 2015 &#8211; I PLACE 2014 &#8211; II PLACE 2013 &#8211; III PLACE 2012 &#8211; IV PLACE 2010 &#8211; V PLACE 2009 &#8211; III PLACE FIM WORLD CUP: 2017 Rally Abu Dhabi &#8211; VIII PLACE Rally [&hellip;]\" \/>\n<meta property=\"og:url\" content=\"https:\/\/rafalsonik.pl\/en\/biography\/in-brief\/\" \/>\n<meta property=\"og:site_name\" content=\"Rafa\u0142 Sonik\" \/>\n<meta property=\"article:modified_time\" content=\"2017-04-22T15:36:46+00:00\" \/>\n<meta name=\"twitter:card\" content=\"summary_large_image\" \/>\n<meta name=\"twitter:label1\" content=\"Est. reading time\" \/>\n\t<meta name=\"twitter:data1\" content=\"1 minute\" \/>\n<script type=\"application\/ld+json\" class=\"yoast-schema-graph\">{\"@context\":\"https:\/\/schema.org\",\"@graph\":[{\"@type\":\"WebPage\",\"@id\":\"https:\/\/rafalsonik.pl\/en\/biography\/in-brief\/\",\"url\":\"https:\/\/rafalsonik.pl\/en\/biography\/in-brief\/\",\"name\":\"In brief - Rafa\u0142 Sonik\",\"isPartOf\":{\"@id\":\"https:\/\/rafalsonik.pl\/#website\"},\"datePublished\":\"2015-12-09T11:19:53+00:00\",\"dateModified\":\"2017-04-22T15:36:46+00:00\",\"breadcrumb\":{\"@id\":\"https:\/\/rafalsonik.pl\/en\/biography\/in-brief\/#breadcrumb\"},\"inLanguage\":\"en-US\",\"potentialAction\":[{\"@type\":\"ReadAction\",\"target\":[\"https:\/\/rafalsonik.pl\/en\/biography\/in-brief\/\"]}]},{\"@type\":\"BreadcrumbList\",\"@id\":\"https:\/\/rafalsonik.pl\/en\/biography\/in-brief\/#breadcrumb\",\"itemListElement\":[{\"@type\":\"ListItem\",\"position\":1,\"name\":\"Home\",\"item\":\"https:\/\/rafalsonik.pl\/en\/\"},{\"@type\":\"ListItem\",\"position\":2,\"name\":\"Biography\",\"item\":\"\/biography\/in-brief\/\"},{\"@type\":\"ListItem\",\"position\":3,\"name\":\"In brief\"}]},{\"@type\":\"WebSite\",\"@id\":\"https:\/\/rafalsonik.pl\/#website\",\"url\":\"https:\/\/rafalsonik.pl\/\",\"name\":\"Rafa\u0142 Sonik\",\"description\":\"Rafa\u0142 Sonik - Sportowiec\",\"potentialAction\":[{\"@type\":\"SearchAction\",\"target\":{\"@type\":\"EntryPoint\",\"urlTemplate\":\"https:\/\/rafalsonik.pl\/?s={search_term_string}\"},\"query-input\":\"required name=search_term_string\"}],\"inLanguage\":\"en-US\"}]}<\/script>\n<!-- \/ Yoast SEO plugin. -->","yoast_head_json":{"title":"In brief - Rafa\u0142 Sonik","robots":{"index":"index","follow":"follow","max-snippet":"max-snippet:-1","max-image-preview":"max-image-preview:large","max-video-preview":"max-video-preview:-1"},"canonical":"https:\/\/rafalsonik.pl\/en\/biography\/in-brief\/","og_locale":"en_US","og_type":"article","og_title":"In brief - Rafa\u0142 Sonik","og_description":"Name: RAFA\u0141 SONIK DOB: 3.06.1966 Birth place: Krak\u00f3w INTERNATIONAL SPORT ACHIEVEMENTS DAKAR RALLY: IN QUAD CATEGORY: 2017 &#8211; IV PLACE 2015 &#8211; I PLACE 2014 &#8211; II PLACE 2013 &#8211; III PLACE 2012 &#8211; IV PLACE 2010 &#8211; V PLACE 2009 &#8211; III PLACE FIM WORLD CUP: 2017 Rally Abu Dhabi &#8211; VIII PLACE Rally [&hellip;]","og_url":"https:\/\/rafalsonik.pl\/en\/biography\/in-brief\/","og_site_name":"Rafa\u0142 Sonik","article_modified_time":"2017-04-22T15:36:46+00:00","twitter_card":"summary_large_image","twitter_misc":{"Est. reading time":"1 minute"},"schema":{"@context":"https:\/\/schema.org","@graph":[{"@type":"WebPage","@id":"https:\/\/rafalsonik.pl\/en\/biography\/in-brief\/","url":"https:\/\/rafalsonik.pl\/en\/biography\/in-brief\/","name":"In brief - Rafa\u0142 Sonik","isPartOf":{"@id":"https:\/\/rafalsonik.pl\/#website"},"datePublished":"2015-12-09T11:19:53+00:00","dateModified":"2017-04-22T15:36:46+00:00","breadcrumb":{"@id":"https:\/\/rafalsonik.pl\/en\/biography\/in-brief\/#breadcrumb"},"inLanguage":"en-US","potentialAction":[{"@type":"ReadAction","target":["https:\/\/rafalsonik.pl\/en\/biography\/in-brief\/"]}]},{"@type":"BreadcrumbList","@id":"https:\/\/rafalsonik.pl\/en\/biography\/in-brief\/#breadcrumb","itemListElement":[{"@type":"ListItem","position":1,"name":"Home","item":"https:\/\/rafalsonik.pl\/en\/"},{"@type":"ListItem","position":2,"name":"Biography","item":"\/biography\/in-brief\/"},{"@type":"ListItem","position":3,"name":"In brief"}]},{"@type":"WebSite","@id":"https:\/\/rafalsonik.pl\/#website","url":"https:\/\/rafalsonik.pl\/","name":"Rafa\u0142 Sonik","description":"Rafa\u0142 Sonik - Sportowiec","potentialAction":[{"@type":"SearchAction","target":{"@type":"EntryPoint","urlTemplate":"https:\/\/rafalsonik.pl\/?s={search_term_string}"},"query-input":"required name=search_term_string"}],"inLanguage":"en-US"}]}},"_links":{"self":[{"href":"https:\/\/rafalsonik.pl\/en\/wp-json\/wp\/v2\/pages\/2803"}],"collection":[{"href":"https:\/\/rafalsonik.pl\/en\/wp-json\/wp\/v2\/pages"}],"about":[{"href":"https:\/\/rafalsonik.pl\/en\/wp-json\/wp\/v2\/types\/page"}],"author":[{"embeddable":true,"href":"https:\/\/rafalsonik.pl\/en\/wp-json\/wp\/v2\/users\/1"}],"replies":[{"embeddable":true,"href":"https:\/\/rafalsonik.pl\/en\/wp-json\/wp\/v2\/comments?post=2803"}],"version-history":[{"count":10,"href":"https:\/\/rafalsonik.pl\/en\/wp-json\/wp\/v2\/pages\/2803\/revisions"}],"predecessor-version":[{"id":4585,"href":"https:\/\/rafalsonik.pl\/en\/wp-json\/wp\/v2\/pages\/2803\/revisions\/4585"}],"up":[{"embeddable":true,"href":"https:\/\/rafalsonik.pl\/en\/wp-json\/wp\/v2\/pages\/2800"}],"wp:attachment":[{"href":"https:\/\/rafalsonik.pl\/en\/wp-json\/wp\/v2\/media?parent=2803"}],"curies":[{"name":"wp","href":"https:\/\/api.w.org\/{rel}","templated":true}]}}