{"id":2835,"date":"2015-12-02T12:25:08","date_gmt":"2015-12-02T11:25:08","guid":{"rendered":"https:\/\/rafalsonik.pl\/entrepreneur\/gemini-park-tarnow\/"},"modified":"2016-01-04T14:21:02","modified_gmt":"2016-01-04T13:21:02","slug":"gemini-park-tarnow","status":"publish","type":"page","link":"https:\/\/rafalsonik.pl\/en\/entrepreneur\/gemini-park-tarnow\/","title":{"rendered":"Gemini Park Tarn\u00f3w"},"content":{"rendered":"<p>Gemini Park Tarn\u00f3w is a modern and the biggest Shopping Centre in Tarn\u00f3w and in the region. The facility is located in the north of Tran\u00f3w. <\/p>\n<p>Over forty-two thousand square metres are the venue of 120 stores, service points and catering establishments. The centre offers respected brands new to Tarn\u00f3w. Major tenants of the Shopping Centre include large-surface markets: Tesco, Castorama and Media Markt. The list of tenants also includes; Stradivarius, Orsay, Monnari, Reserved, Mohito, Sinsay, Ochnik, C&#038;A, Sizeer, Martes Sport, Levi\u2019s, Mustang, House, Cropp, Diverse, Intimissimi, Calzedonia, Empik, Apart, Yes, W.\u00a0Kruk, Smyk, Gino Rossi, Bytom, Badura, Ry\u0142ko, Wojas, Deichmann, Swiss, Giacomo Conti, Hebe, Douglas, Rossmann, Jysk, KIK, home &#038; you, Tchibo, KFC, Sphinx, Pizza Dominium, Grycan and many others. It also is the venue of local and regional producers and service providers. <\/p>\n<p>Gemini Park Tarn\u00f3w has excellent location and perfect transportation solutions. It offers a parking lot for over a thousand cars, which is equipped with a modern system informing about the availability of parking places, and there are urban and suburban bus stops near the Shopping Centre. Gemini Park Tarn\u00f3w also offers many facilities for families with children and for persons with disabilities.<br \/>\nGemini Park Tarn\u00f3w is more than just luxurious stores and attractive shopping opportunities. It&#8217;s also a certain philosophy of action. That philosophy consists in meeting the expectations of the local community and supporting charities as well as cultural and sports initiatives. Cooperation with the &#8216;SIEMACHA&#8217; Association on preparing a care facility for children is an example of a socially responsible business. <\/p>\n<p>Gemini Jasna Park received awards for the SIEMACHA Gemini Park Tarn\u00f3w centre:<\/p>\n<ul>\n<li>2011 \u2013 A special prize of the Shopping Center Awards for the activity in the CSR sector.<\/li>\n<li>2012 \u2013 Social Responsibility Award \u2013 a prestigious distinction for the involvement in social responsibility of business.<\/li>\n<\/ul>\n<p>Finally, Gemini Park Tarn\u00f3w is a shopping centre of a family nature, where everyone will find something for themselves. The creators of Gemini Park Tarn\u00f3w wanted to create a space and organize a place, where the entire family can spend their time in an attractive way.<\/p>\n<p>More: <a title=\"www.tarnow.geminipark.pl\" href=\"http:\/\/www.tarnow.geminipark.pl\/\" target=\"_blank\">www.tarnow.geminipark.pl<\/a><\/p>\n","protected":false},"excerpt":{"rendered":"<p>Gemini Park Tarn\u00f3w is a modern and the biggest Shopping Centre in Tarn\u00f3w and in the region. The facility is located in the north of Tran\u00f3w. Over forty-two thousand square metres are the venue of 120 stores, service points and catering establishments. The centre offers respected brands new to Tarn\u00f3w. Major tenants of the Shopping [&hellip;]<\/p>\n","protected":false},"author":1,"featured_media":0,"parent":2827,"menu_order":3,"comment_status":"open","ping_status":"open","template":"","meta":{"_links_to":"","_links_to_target":""},"acf":[],"yoast_head":"<!-- This site is optimized with the Yoast SEO plugin v19.14 - https:\/\/yoast.com\/wordpress\/plugins\/seo\/ -->\n<title>Gemini Park Tarn\u00f3w - Rafa\u0142 Sonik<\/title>\n<meta name=\"robots\" content=\"index, follow, max-snippet:-1, max-image-preview:large, max-video-preview:-1\" \/>\n<link rel=\"canonical\" href=\"https:\/\/rafalsonik.pl\/en\/entrepreneur\/gemini-park-tarnow\/\" \/>\n<meta property=\"og:locale\" content=\"en_US\" \/>\n<meta property=\"og:type\" content=\"article\" \/>\n<meta property=\"og:title\" content=\"Gemini Park Tarn\u00f3w - Rafa\u0142 Sonik\" \/>\n<meta property=\"og:description\" content=\"Gemini Park Tarn\u00f3w is a modern and the biggest Shopping Centre in Tarn\u00f3w and in the region. The facility is located in the north of Tran\u00f3w. Over forty-two thousand square metres are the venue of 120 stores, service points and catering establishments. The centre offers respected brands new to Tarn\u00f3w. Major tenants of the Shopping [&hellip;]\" \/>\n<meta property=\"og:url\" content=\"https:\/\/rafalsonik.pl\/en\/entrepreneur\/gemini-park-tarnow\/\" \/>\n<meta property=\"og:site_name\" content=\"Rafa\u0142 Sonik\" \/>\n<meta property=\"article:modified_time\" content=\"2016-01-04T13:21:02+00:00\" \/>\n<meta name=\"twitter:card\" content=\"summary_large_image\" \/>\n<meta name=\"twitter:label1\" content=\"Est. reading time\" \/>\n\t<meta name=\"twitter:data1\" content=\"2 minutes\" \/>\n<script type=\"application\/ld+json\" class=\"yoast-schema-graph\">{\"@context\":\"https:\/\/schema.org\",\"@graph\":[{\"@type\":\"WebPage\",\"@id\":\"https:\/\/rafalsonik.pl\/en\/entrepreneur\/gemini-park-tarnow\/\",\"url\":\"https:\/\/rafalsonik.pl\/en\/entrepreneur\/gemini-park-tarnow\/\",\"name\":\"Gemini Park Tarn\u00f3w - Rafa\u0142 Sonik\",\"isPartOf\":{\"@id\":\"https:\/\/rafalsonik.pl\/#website\"},\"datePublished\":\"2015-12-02T11:25:08+00:00\",\"dateModified\":\"2016-01-04T13:21:02+00:00\",\"breadcrumb\":{\"@id\":\"https:\/\/rafalsonik.pl\/en\/entrepreneur\/gemini-park-tarnow\/#breadcrumb\"},\"inLanguage\":\"en-US\",\"potentialAction\":[{\"@type\":\"ReadAction\",\"target\":[\"https:\/\/rafalsonik.pl\/en\/entrepreneur\/gemini-park-tarnow\/\"]}]},{\"@type\":\"BreadcrumbList\",\"@id\":\"https:\/\/rafalsonik.pl\/en\/entrepreneur\/gemini-park-tarnow\/#breadcrumb\",\"itemListElement\":[{\"@type\":\"ListItem\",\"position\":1,\"name\":\"Home\",\"item\":\"https:\/\/rafalsonik.pl\/en\/\"},{\"@type\":\"ListItem\",\"position\":2,\"name\":\"Entrepreneur\",\"item\":\"\/entrepreneur\/ideas\/\"},{\"@type\":\"ListItem\",\"position\":3,\"name\":\"Gemini Park Tarn\u00f3w\"}]},{\"@type\":\"WebSite\",\"@id\":\"https:\/\/rafalsonik.pl\/#website\",\"url\":\"https:\/\/rafalsonik.pl\/\",\"name\":\"Rafa\u0142 Sonik\",\"description\":\"Rafa\u0142 Sonik - Sportowiec\",\"potentialAction\":[{\"@type\":\"SearchAction\",\"target\":{\"@type\":\"EntryPoint\",\"urlTemplate\":\"https:\/\/rafalsonik.pl\/?s={search_term_string}\"},\"query-input\":\"required name=search_term_string\"}],\"inLanguage\":\"en-US\"}]}<\/script>\n<!-- \/ Yoast SEO plugin. -->","yoast_head_json":{"title":"Gemini Park Tarn\u00f3w - Rafa\u0142 Sonik","robots":{"index":"index","follow":"follow","max-snippet":"max-snippet:-1","max-image-preview":"max-image-preview:large","max-video-preview":"max-video-preview:-1"},"canonical":"https:\/\/rafalsonik.pl\/en\/entrepreneur\/gemini-park-tarnow\/","og_locale":"en_US","og_type":"article","og_title":"Gemini Park Tarn\u00f3w - Rafa\u0142 Sonik","og_description":"Gemini Park Tarn\u00f3w is a modern and the biggest Shopping Centre in Tarn\u00f3w and in the region. The facility is located in the north of Tran\u00f3w. Over forty-two thousand square metres are the venue of 120 stores, service points and catering establishments. The centre offers respected brands new to Tarn\u00f3w. Major tenants of the Shopping [&hellip;]","og_url":"https:\/\/rafalsonik.pl\/en\/entrepreneur\/gemini-park-tarnow\/","og_site_name":"Rafa\u0142 Sonik","article_modified_time":"2016-01-04T13:21:02+00:00","twitter_card":"summary_large_image","twitter_misc":{"Est. reading time":"2 minutes"},"schema":{"@context":"https:\/\/schema.org","@graph":[{"@type":"WebPage","@id":"https:\/\/rafalsonik.pl\/en\/entrepreneur\/gemini-park-tarnow\/","url":"https:\/\/rafalsonik.pl\/en\/entrepreneur\/gemini-park-tarnow\/","name":"Gemini Park Tarn\u00f3w - Rafa\u0142 Sonik","isPartOf":{"@id":"https:\/\/rafalsonik.pl\/#website"},"datePublished":"2015-12-02T11:25:08+00:00","dateModified":"2016-01-04T13:21:02+00:00","breadcrumb":{"@id":"https:\/\/rafalsonik.pl\/en\/entrepreneur\/gemini-park-tarnow\/#breadcrumb"},"inLanguage":"en-US","potentialAction":[{"@type":"ReadAction","target":["https:\/\/rafalsonik.pl\/en\/entrepreneur\/gemini-park-tarnow\/"]}]},{"@type":"BreadcrumbList","@id":"https:\/\/rafalsonik.pl\/en\/entrepreneur\/gemini-park-tarnow\/#breadcrumb","itemListElement":[{"@type":"ListItem","position":1,"name":"Home","item":"https:\/\/rafalsonik.pl\/en\/"},{"@type":"ListItem","position":2,"name":"Entrepreneur","item":"\/entrepreneur\/ideas\/"},{"@type":"ListItem","position":3,"name":"Gemini Park Tarn\u00f3w"}]},{"@type":"WebSite","@id":"https:\/\/rafalsonik.pl\/#website","url":"https:\/\/rafalsonik.pl\/","name":"Rafa\u0142 Sonik","description":"Rafa\u0142 Sonik - Sportowiec","potentialAction":[{"@type":"SearchAction","target":{"@type":"EntryPoint","urlTemplate":"https:\/\/rafalsonik.pl\/?s={search_term_string}"},"query-input":"required name=search_term_string"}],"inLanguage":"en-US"}]}},"_links":{"self":[{"href":"https:\/\/rafalsonik.pl\/en\/wp-json\/wp\/v2\/pages\/2835"}],"collection":[{"href":"https:\/\/rafalsonik.pl\/en\/wp-json\/wp\/v2\/pages"}],"about":[{"href":"https:\/\/rafalsonik.pl\/en\/wp-json\/wp\/v2\/types\/page"}],"author":[{"embeddable":true,"href":"https:\/\/rafalsonik.pl\/en\/wp-json\/wp\/v2\/users\/1"}],"replies":[{"embeddable":true,"href":"https:\/\/rafalsonik.pl\/en\/wp-json\/wp\/v2\/comments?post=2835"}],"version-history":[{"count":3,"href":"https:\/\/rafalsonik.pl\/en\/wp-json\/wp\/v2\/pages\/2835\/revisions"}],"predecessor-version":[{"id":3119,"href":"https:\/\/rafalsonik.pl\/en\/wp-json\/wp\/v2\/pages\/2835\/revisions\/3119"}],"up":[{"embeddable":true,"href":"https:\/\/rafalsonik.pl\/en\/wp-json\/wp\/v2\/pages\/2827"}],"wp:attachment":[{"href":"https:\/\/rafalsonik.pl\/en\/wp-json\/wp\/v2\/media?parent=2835"}],"curies":[{"name":"wp","href":"https:\/\/api.w.org\/{rel}","templated":true}]}}