{"id":2865,"date":"2015-12-02T12:27:24","date_gmt":"2015-12-02T11:27:24","guid":{"rendered":"https:\/\/rafalsonik.pl\/filantrop\/szybcy-na-torze-bezpieczni-na-drodze\/"},"modified":"2015-12-24T08:23:16","modified_gmt":"2015-12-24T07:23:16","slug":"fast-on-the-track-safe-on-the-road","status":"publish","type":"page","link":"https:\/\/rafalsonik.pl\/en\/philanthropist\/fast-on-the-track-safe-on-the-road\/","title":{"rendered":"Fast on the Track \u2013 Safe on the Road"},"content":{"rendered":"<p>\u201cFast on the track \u2013 Safe on the road\u201d is the title of an innovative project initiated by the International Association Passe-Partout, which is designed to increase road safety among young drivers. The project is open to holders of A and B category driving licenses between the ages of 18 and 24 years. <\/p>\n<p>The project was prepared by the Association in collaboration with the Tarn\u00f3w Municipal Police Headquarters, the Lesser Poland Voivodeship Road Traffic Centre in Tarn\u00f3w, the Tarn\u00f3w Poviat and the city of Tarn\u00f3w under the honorary patronage of the Marshal of the Lesser Poland Voivodeship \u2013 Marek Sowa. In 2012, Rafa\u0142 Sonik became the ambassador for the project. <\/p>\n<p>When I started my racing career, I was attracted by the idea of high speed that I could develop. I wanted to be the fastest. Nowadays, as a racer with more than 20 years of experience gained during the World Cup and the Dakar Rally, I know that speed is not the key to victory. Experience and common sense help me win. Safety is a priority during all the races that I know. I do not take unnecessary risks. I always remember a simple maxim: you have to reach the finish line to win. <\/p>\n<p>When I get off the quad, I take off my helmet and cease to be a rally driver \u2013 I\u2019m just a driver. \u201cFast on the track \u2013 Safe on the Road\u201d is a project that allows you to exceed the speed limit in a controlled way and see how the track differs from a public road. Perhaps, thanks to this action, we will discover real sporting talents among young drivers? Careful driving is the first step on the road to success. Every day, we can still win our own lives.<\/p>\n<p>I do agree \u2013 Rafal Sonik. <\/p>\n<p>Learn more about the project at: <a href=\"http:\/\/www.szybcyibezpieczni.pl\" target=\"_blank\">www.szybcyibezpieczni.pl<\/a><\/p>\n","protected":false},"excerpt":{"rendered":"<p>\u201cFast on the track \u2013 Safe on the road\u201d is the title of an innovative project initiated by the International Association Passe-Partout, which is designed to increase road safety among young drivers. The project is open to holders of A and B category driving licenses between the ages of 18 and 24 years. The project [&hellip;]<\/p>\n","protected":false},"author":1,"featured_media":0,"parent":2858,"menu_order":4,"comment_status":"open","ping_status":"open","template":"","meta":{"_links_to":"","_links_to_target":""},"acf":[],"yoast_head":"<!-- This site is optimized with the Yoast SEO plugin v19.14 - https:\/\/yoast.com\/wordpress\/plugins\/seo\/ -->\n<title>Fast on the Track \u2013 Safe on the Road - Rafa\u0142 Sonik<\/title>\n<meta name=\"robots\" content=\"index, follow, max-snippet:-1, max-image-preview:large, max-video-preview:-1\" \/>\n<link rel=\"canonical\" href=\"https:\/\/rafalsonik.pl\/en\/philanthropist\/fast-on-the-track-safe-on-the-road\/\" \/>\n<meta property=\"og:locale\" content=\"en_US\" \/>\n<meta property=\"og:type\" content=\"article\" \/>\n<meta property=\"og:title\" content=\"Fast on the Track \u2013 Safe on the Road - Rafa\u0142 Sonik\" \/>\n<meta property=\"og:description\" content=\"\u201cFast on the track \u2013 Safe on the road\u201d is the title of an innovative project initiated by the International Association Passe-Partout, which is designed to increase road safety among young drivers. The project is open to holders of A and B category driving licenses between the ages of 18 and 24 years. The project [&hellip;]\" \/>\n<meta property=\"og:url\" content=\"https:\/\/rafalsonik.pl\/en\/philanthropist\/fast-on-the-track-safe-on-the-road\/\" \/>\n<meta property=\"og:site_name\" content=\"Rafa\u0142 Sonik\" \/>\n<meta property=\"article:modified_time\" content=\"2015-12-24T07:23:16+00:00\" \/>\n<meta name=\"twitter:card\" content=\"summary_large_image\" \/>\n<meta name=\"twitter:label1\" content=\"Est. reading time\" \/>\n\t<meta name=\"twitter:data1\" content=\"2 minutes\" \/>\n<script type=\"application\/ld+json\" class=\"yoast-schema-graph\">{\"@context\":\"https:\/\/schema.org\",\"@graph\":[{\"@type\":\"WebPage\",\"@id\":\"https:\/\/rafalsonik.pl\/en\/philanthropist\/fast-on-the-track-safe-on-the-road\/\",\"url\":\"https:\/\/rafalsonik.pl\/en\/philanthropist\/fast-on-the-track-safe-on-the-road\/\",\"name\":\"Fast on the Track \u2013 Safe on the Road - Rafa\u0142 Sonik\",\"isPartOf\":{\"@id\":\"https:\/\/rafalsonik.pl\/#website\"},\"datePublished\":\"2015-12-02T11:27:24+00:00\",\"dateModified\":\"2015-12-24T07:23:16+00:00\",\"breadcrumb\":{\"@id\":\"https:\/\/rafalsonik.pl\/en\/philanthropist\/fast-on-the-track-safe-on-the-road\/#breadcrumb\"},\"inLanguage\":\"en-US\",\"potentialAction\":[{\"@type\":\"ReadAction\",\"target\":[\"https:\/\/rafalsonik.pl\/en\/philanthropist\/fast-on-the-track-safe-on-the-road\/\"]}]},{\"@type\":\"BreadcrumbList\",\"@id\":\"https:\/\/rafalsonik.pl\/en\/philanthropist\/fast-on-the-track-safe-on-the-road\/#breadcrumb\",\"itemListElement\":[{\"@type\":\"ListItem\",\"position\":1,\"name\":\"Home\",\"item\":\"https:\/\/rafalsonik.pl\/en\/\"},{\"@type\":\"ListItem\",\"position\":2,\"name\":\"Philanthropist\",\"item\":\"\/philanthropist\/social-initiatives\/\"},{\"@type\":\"ListItem\",\"position\":3,\"name\":\"Fast on the Track \u2013 Safe on the Road\"}]},{\"@type\":\"WebSite\",\"@id\":\"https:\/\/rafalsonik.pl\/#website\",\"url\":\"https:\/\/rafalsonik.pl\/\",\"name\":\"Rafa\u0142 Sonik\",\"description\":\"Rafa\u0142 Sonik - Sportowiec\",\"potentialAction\":[{\"@type\":\"SearchAction\",\"target\":{\"@type\":\"EntryPoint\",\"urlTemplate\":\"https:\/\/rafalsonik.pl\/?s={search_term_string}\"},\"query-input\":\"required name=search_term_string\"}],\"inLanguage\":\"en-US\"}]}<\/script>\n<!-- \/ Yoast SEO plugin. -->","yoast_head_json":{"title":"Fast on the Track \u2013 Safe on the Road - Rafa\u0142 Sonik","robots":{"index":"index","follow":"follow","max-snippet":"max-snippet:-1","max-image-preview":"max-image-preview:large","max-video-preview":"max-video-preview:-1"},"canonical":"https:\/\/rafalsonik.pl\/en\/philanthropist\/fast-on-the-track-safe-on-the-road\/","og_locale":"en_US","og_type":"article","og_title":"Fast on the Track \u2013 Safe on the Road - Rafa\u0142 Sonik","og_description":"\u201cFast on the track \u2013 Safe on the road\u201d is the title of an innovative project initiated by the International Association Passe-Partout, which is designed to increase road safety among young drivers. The project is open to holders of A and B category driving licenses between the ages of 18 and 24 years. The project [&hellip;]","og_url":"https:\/\/rafalsonik.pl\/en\/philanthropist\/fast-on-the-track-safe-on-the-road\/","og_site_name":"Rafa\u0142 Sonik","article_modified_time":"2015-12-24T07:23:16+00:00","twitter_card":"summary_large_image","twitter_misc":{"Est. reading time":"2 minutes"},"schema":{"@context":"https:\/\/schema.org","@graph":[{"@type":"WebPage","@id":"https:\/\/rafalsonik.pl\/en\/philanthropist\/fast-on-the-track-safe-on-the-road\/","url":"https:\/\/rafalsonik.pl\/en\/philanthropist\/fast-on-the-track-safe-on-the-road\/","name":"Fast on the Track \u2013 Safe on the Road - Rafa\u0142 Sonik","isPartOf":{"@id":"https:\/\/rafalsonik.pl\/#website"},"datePublished":"2015-12-02T11:27:24+00:00","dateModified":"2015-12-24T07:23:16+00:00","breadcrumb":{"@id":"https:\/\/rafalsonik.pl\/en\/philanthropist\/fast-on-the-track-safe-on-the-road\/#breadcrumb"},"inLanguage":"en-US","potentialAction":[{"@type":"ReadAction","target":["https:\/\/rafalsonik.pl\/en\/philanthropist\/fast-on-the-track-safe-on-the-road\/"]}]},{"@type":"BreadcrumbList","@id":"https:\/\/rafalsonik.pl\/en\/philanthropist\/fast-on-the-track-safe-on-the-road\/#breadcrumb","itemListElement":[{"@type":"ListItem","position":1,"name":"Home","item":"https:\/\/rafalsonik.pl\/en\/"},{"@type":"ListItem","position":2,"name":"Philanthropist","item":"\/philanthropist\/social-initiatives\/"},{"@type":"ListItem","position":3,"name":"Fast on the Track \u2013 Safe on the Road"}]},{"@type":"WebSite","@id":"https:\/\/rafalsonik.pl\/#website","url":"https:\/\/rafalsonik.pl\/","name":"Rafa\u0142 Sonik","description":"Rafa\u0142 Sonik - Sportowiec","potentialAction":[{"@type":"SearchAction","target":{"@type":"EntryPoint","urlTemplate":"https:\/\/rafalsonik.pl\/?s={search_term_string}"},"query-input":"required name=search_term_string"}],"inLanguage":"en-US"}]}},"_links":{"self":[{"href":"https:\/\/rafalsonik.pl\/en\/wp-json\/wp\/v2\/pages\/2865"}],"collection":[{"href":"https:\/\/rafalsonik.pl\/en\/wp-json\/wp\/v2\/pages"}],"about":[{"href":"https:\/\/rafalsonik.pl\/en\/wp-json\/wp\/v2\/types\/page"}],"author":[{"embeddable":true,"href":"https:\/\/rafalsonik.pl\/en\/wp-json\/wp\/v2\/users\/1"}],"replies":[{"embeddable":true,"href":"https:\/\/rafalsonik.pl\/en\/wp-json\/wp\/v2\/comments?post=2865"}],"version-history":[{"count":2,"href":"https:\/\/rafalsonik.pl\/en\/wp-json\/wp\/v2\/pages\/2865\/revisions"}],"predecessor-version":[{"id":2886,"href":"https:\/\/rafalsonik.pl\/en\/wp-json\/wp\/v2\/pages\/2865\/revisions\/2886"}],"up":[{"embeddable":true,"href":"https:\/\/rafalsonik.pl\/en\/wp-json\/wp\/v2\/pages\/2858"}],"wp:attachment":[{"href":"https:\/\/rafalsonik.pl\/en\/wp-json\/wp\/v2\/media?parent=2865"}],"curies":[{"name":"wp","href":"https:\/\/api.w.org\/{rel}","templated":true}]}}