{"id":2916,"date":"2015-12-02T12:05:47","date_gmt":"2015-12-02T11:05:47","guid":{"rendered":"https:\/\/rafalsonik.pl\/sportsman\/puchar-swiata\/puchar-swiata-2012\/"},"modified":"2015-12-24T09:20:33","modified_gmt":"2015-12-24T08:20:33","slug":"world-cup-2012","status":"publish","type":"page","link":"https:\/\/rafalsonik.pl\/en\/sportsman\/world-cup\/world-cup-2012\/","title":{"rendered":"World Cup 2012"},"content":{"rendered":"<p>In 2012, the FIM World Cup in cross country quads was for the most part marked with the competition between of two Poles. Rafa\u0142 Sonik and \u0141ukasz \u0141askawiec shone from the courses of the desert, through trenchant thickets to the Sardinian rocks, and the fight they fought during the last leg in Egypt will undoubtedly pass into the history of Polish motor sports. <\/p>\n<p>For Rafa\u0142 Sonik, racing did not start on the right foot. On one of the dunes during the Abu Dhabi Desert Challenge, he and his quad made a front flip and it was not certain whether the driver or his machine could continue the competition. Luckily, the mechanics and physiotherapists did well and made it possible for the Pole to reach for the highest aims. <\/p>\n<p>Having ranked eighth in the United Arab Emirates and after a super victory in Qatar, Rafa\u0142 Sonik took the lead in the general classification. He had to, however, surrender it to \u0141ukasz \u0141askawiec just after the Sardinia Rally. Just one point separated the Polish quad riders, so their duel promised to be exciting. <\/p>\n<p>And so it was. Competing in an unfriendly terrain, the two were just seconds apart on the finish line of consecutive special legs. In the end, it was \u0141ukasz \u0141askawiec who managed to work out an advantage and reached for the World Cup. Second place waited for Rafa\u0142 Sonik and for him it was a significant achievement. <\/p>\n<blockquote><p>It\u2019s been a great day. Poles rule the motor world; in the quad category, we are unbeatable,<\/p><\/blockquote>\n<p class=\"podpis-margin\">&#8211; said overjoyed Sonik and added that he intended to reclaim the trophy, which he had already won once in 2010, the following year.<\/p>\n<p>For Rafa\u0142 Sonik, the 2012 season was marked with adventures. Apart from the already mentioned front flip in Abu Dhabi, in Sardinia he miraculously escaped a collision with an oncoming motorcycle rider and falling over a precipice. In Egypt, \u0141ukasz \u0141askawiec drove his quad straight into Sonik\u2019s back. Luckily, all these adventures ended well and did not prevent the Polish driver to get a good final result.<\/p>\n<p>&nbsp;<\/p>\n<h3>ABU DHABI<\/h3>\n<p>&nbsp;<\/p>\n<p>Traditionally, the Abu Dhabi Desert Challenge opened the FIM World Cup cross country competitions. The United Arab Emirates\u2019 inhospitable deserts welcomed the world\u2019s leaders of racing in the most difficult possible conditions. Rafa\u0142 Sonik was one of the favourites in the quad group but already in the first leg he had to face the unfavourable luck. <\/p>\n<p>The World Cup 2010 winner was one of the better competitors during the time trial. This meant, however, that he would have to blaze the trail on the first special leg of the rally, which is always a great challenge and this time it turned out insidious. <\/p>\n<blockquote><p>My quad and I did a front flip. Unfortunately, or perhaps fortunately, we landed separately and my quad suffered the most. To fix it, we needed a whole arsenal of spare parts and a lot of time,<\/p><\/blockquote>\n<p class=\"podpis-margin\">&#8211; said Sonik after the crash.<>\/p<\/p>\n<p>Working all night, the mechanics manager to \u2018resuscitate\u2019 the quad and the leading rally driver could continue on the course. Despite a huge time penalty, with his consistency and calm, assertive driving, Sonik earned eighth place in the rally\u2019s general classification. That meant that he cannot be ruled out from competing for the World Cup as three more rounds were still ahead of the competitors.<\/p>\n<p>&nbsp;<\/p>\n<h3>QATAR<\/h3>\n<p>&nbsp;<\/p>\n<p>The Abu Dhabi Rally\u2019s dust had not settled before the competitors were already in the neighbouring Qatar. Rafa\u0142 Sonik could still feel the effects of the front flip he had made in the previous round of the World Cup. And yet, he did enter the competition\u2026 and won.<br \/>\nHis greatest competitor in the Qatar deserts was the leader of the general classification Obaid Al-Kitbe. In a diverse, treacherous terrain, full of pitfalls, it was the experience and composure which turned out to be crucial. Many competitors pushed for speed, putting all their eggs into one basket, and almost all were disappointed. <\/p>\n<p>Rafa\u0142 Sonik was driving very cautiously, not fighting to win individual legs but collecting valuable seconds step by step. Only on the last day he charged forward and thanks to this won the whole stake.<\/p>\n<blockquote><p>I won a leg, I won the rally, and most importantly I took the lead in the World Cup classification. Such a three-in-one! What a fantastic day!<\/p><\/blockquote>\n<p class=\"podpis-margin\">&#8211; he said on the finish line.<\/p>\n<p>In Qatar, \u0141ukasz \u0141askawiec also presented his good side, thanks to which two Poles were in the lead. It was then that for the first time voices were heard saying that Poles could compete against each other for the final victory.<\/p>\n<p>&nbsp;<\/p>\n<h3>SARDINIA<\/h3>\n<p>&nbsp;<\/p>\n<p>Riding on sandy dunes and full of Sharp rocks deserts turns out to be pleasure when one ventures out into the unbeaten paths of Sardinia. In the third round of the FIM World Cup, Rafa\u0142 Sonik again showed his strong side and ended the race third, just behind his countryman \u0141ukasz \u0141askawiec. <\/p>\n<p>The special legs of the World Cup\u2019s Italian round are marked out with motorbike riders in mind. For quad riders, the courses always pose lots of problems. Furthermore, one has to navigate carefully because the rally\u2019s course meanders between ravines, gorges, rocks and deep precipices. During the second special leg, Rafa\u0142 Sonik brushed against a deadly danger. <\/p>\n<blockquote><p>I rode at high speed down the hill along a rock shelf when suddenly a motorcycle appeared going against traffic. We were just centimeters apart. Had we touched, very likely I would have fallen down into the precipice and that would have been a really ghastly accident,<\/p><\/blockquote>\n<p class=\"podpis-margin\">&#8211; said the Polish driver.<\/p>\n<p>Fortunately, the whole adventure ended well. Rafa\u0142 Sonik continued racing and every now and then swapped leadership with \u0141ukasz \u0141askawiec to come to the finish line second and move up in the World Cup general classification to second rank with just one place behind his fellow countryman. This heralded an exciting competition before the Pharaohs\u2019 Rally.<\/p>\n<p>&nbsp;<\/p>\n<h3>EGYPT<\/h3>\n<p>&nbsp;<\/p>\n<p>In the Pharaohs\u2019 Rally, the Deal was simple: the Pole who crosses the finish line first before his fellow countryman wins the World Cup. During the entire course, Rafa\u0142 Sonik and \u0141ukasz \u0141askawiec drove neck and neck. In the last legs, they were just seconds apart and in the end it was the pupil who was faster than his master. <\/p>\n<p>The special legs in Egypt were long and exhausting. The competition was also taking place on exceptionally unfriendly soil, full of sharp rocks and treacherous places. In excellent shape, Rafa\u0142 Sonik managed perfectly well up to the moment when his direct competitor\u2026 literally drove onto his back. On one of the few sandy sections, leading at the time, Rafa\u0142 Sonik had to suddenly turn to avoid a hollow between two dunes. Riding right behind him, \u0141ukasz \u0141askawiec did not manage to copy his older colleague\u2019s manoeuvre and rushed downhill straight into his countryman.<\/p>\n<blockquote><p>Suddenly, I felt that something was jumping onto me from the left and it was \u0141ukasz with his quad. We bumped against each other, were rolling for a while to spend a good few minutes picking ourselves up from the ground and fix the damages. Unfortunately, in my case not only the navigation got damaged but also the frame which cracked and driving for the next 250 kilometres was not easy,<\/p><\/blockquote>\n<p class=\"podpis-margin\">&#8211; related the winner of the World Cup 2010, who due to the crash had lost a few seconds to his opponent and countryman and was unable to level the loss. <\/p>\n<p>Rafa\u0142 Sonik ended the Pharaohs\u2019 Rally and the entire World Cup ranking second.<\/p>\n<blockquote><p>It\u2019s been a fantastic, historic day. Poles rule the motor world; in the quad category, we are unbeatable,<\/p><\/blockquote>\n<p class=\"podpis-margin\">&#8211; said the overjoyed senior and more experienced of the two Poles<\/p>\n","protected":false},"excerpt":{"rendered":"<p>In 2012, the FIM World Cup in cross country quads was for the most part marked with the competition between of two Poles. Rafa\u0142 Sonik and \u0141ukasz \u0141askawiec shone from the courses of the desert, through trenchant thickets to the Sardinian rocks, and the fight they fought during the last leg in Egypt will undoubtedly [&hellip;]<\/p>\n","protected":false},"author":1,"featured_media":0,"parent":2893,"menu_order":0,"comment_status":"open","ping_status":"open","template":"","meta":{"_links_to":"","_links_to_target":""},"acf":[],"yoast_head":"<!-- This site is optimized with the Yoast SEO plugin v19.14 - https:\/\/yoast.com\/wordpress\/plugins\/seo\/ -->\n<title>World Cup 2012 - Rafa\u0142 Sonik<\/title>\n<meta name=\"robots\" content=\"index, follow, max-snippet:-1, max-image-preview:large, max-video-preview:-1\" \/>\n<link rel=\"canonical\" href=\"https:\/\/rafalsonik.pl\/en\/sportsman\/world-cup\/world-cup-2012\/\" \/>\n<meta property=\"og:locale\" content=\"en_US\" \/>\n<meta property=\"og:type\" content=\"article\" \/>\n<meta property=\"og:title\" content=\"World Cup 2012 - Rafa\u0142 Sonik\" \/>\n<meta property=\"og:description\" content=\"In 2012, the FIM World Cup in cross country quads was for the most part marked with the competition between of two Poles. Rafa\u0142 Sonik and \u0141ukasz \u0141askawiec shone from the courses of the desert, through trenchant thickets to the Sardinian rocks, and the fight they fought during the last leg in Egypt will undoubtedly [&hellip;]\" \/>\n<meta property=\"og:url\" content=\"https:\/\/rafalsonik.pl\/en\/sportsman\/world-cup\/world-cup-2012\/\" \/>\n<meta property=\"og:site_name\" content=\"Rafa\u0142 Sonik\" \/>\n<meta property=\"article:modified_time\" content=\"2015-12-24T08:20:33+00:00\" \/>\n<meta name=\"twitter:card\" content=\"summary_large_image\" \/>\n<meta name=\"twitter:label1\" content=\"Est. reading time\" \/>\n\t<meta name=\"twitter:data1\" content=\"7 minutes\" \/>\n<script type=\"application\/ld+json\" class=\"yoast-schema-graph\">{\"@context\":\"https:\/\/schema.org\",\"@graph\":[{\"@type\":\"WebPage\",\"@id\":\"https:\/\/rafalsonik.pl\/en\/sportsman\/world-cup\/world-cup-2012\/\",\"url\":\"https:\/\/rafalsonik.pl\/en\/sportsman\/world-cup\/world-cup-2012\/\",\"name\":\"World Cup 2012 - Rafa\u0142 Sonik\",\"isPartOf\":{\"@id\":\"https:\/\/rafalsonik.pl\/#website\"},\"datePublished\":\"2015-12-02T11:05:47+00:00\",\"dateModified\":\"2015-12-24T08:20:33+00:00\",\"breadcrumb\":{\"@id\":\"https:\/\/rafalsonik.pl\/en\/sportsman\/world-cup\/world-cup-2012\/#breadcrumb\"},\"inLanguage\":\"en-US\",\"potentialAction\":[{\"@type\":\"ReadAction\",\"target\":[\"https:\/\/rafalsonik.pl\/en\/sportsman\/world-cup\/world-cup-2012\/\"]}]},{\"@type\":\"BreadcrumbList\",\"@id\":\"https:\/\/rafalsonik.pl\/en\/sportsman\/world-cup\/world-cup-2012\/#breadcrumb\",\"itemListElement\":[{\"@type\":\"ListItem\",\"position\":1,\"name\":\"Home\",\"item\":\"https:\/\/rafalsonik.pl\/en\/\"},{\"@type\":\"ListItem\",\"position\":2,\"name\":\"Sportsman\",\"item\":\"\/sportsman\/chronicle-of-sportsman\/\"},{\"@type\":\"ListItem\",\"position\":3,\"name\":\"World Cup\",\"item\":\"\/sportsman\/chronicle-of-sportsman\/\"},{\"@type\":\"ListItem\",\"position\":4,\"name\":\"World Cup 2012\"}]},{\"@type\":\"WebSite\",\"@id\":\"https:\/\/rafalsonik.pl\/#website\",\"url\":\"https:\/\/rafalsonik.pl\/\",\"name\":\"Rafa\u0142 Sonik\",\"description\":\"Rafa\u0142 Sonik - Sportowiec\",\"potentialAction\":[{\"@type\":\"SearchAction\",\"target\":{\"@type\":\"EntryPoint\",\"urlTemplate\":\"https:\/\/rafalsonik.pl\/?s={search_term_string}\"},\"query-input\":\"required name=search_term_string\"}],\"inLanguage\":\"en-US\"}]}<\/script>\n<!-- \/ Yoast SEO plugin. -->","yoast_head_json":{"title":"World Cup 2012 - Rafa\u0142 Sonik","robots":{"index":"index","follow":"follow","max-snippet":"max-snippet:-1","max-image-preview":"max-image-preview:large","max-video-preview":"max-video-preview:-1"},"canonical":"https:\/\/rafalsonik.pl\/en\/sportsman\/world-cup\/world-cup-2012\/","og_locale":"en_US","og_type":"article","og_title":"World Cup 2012 - Rafa\u0142 Sonik","og_description":"In 2012, the FIM World Cup in cross country quads was for the most part marked with the competition between of two Poles. Rafa\u0142 Sonik and \u0141ukasz \u0141askawiec shone from the courses of the desert, through trenchant thickets to the Sardinian rocks, and the fight they fought during the last leg in Egypt will undoubtedly [&hellip;]","og_url":"https:\/\/rafalsonik.pl\/en\/sportsman\/world-cup\/world-cup-2012\/","og_site_name":"Rafa\u0142 Sonik","article_modified_time":"2015-12-24T08:20:33+00:00","twitter_card":"summary_large_image","twitter_misc":{"Est. reading time":"7 minutes"},"schema":{"@context":"https:\/\/schema.org","@graph":[{"@type":"WebPage","@id":"https:\/\/rafalsonik.pl\/en\/sportsman\/world-cup\/world-cup-2012\/","url":"https:\/\/rafalsonik.pl\/en\/sportsman\/world-cup\/world-cup-2012\/","name":"World Cup 2012 - Rafa\u0142 Sonik","isPartOf":{"@id":"https:\/\/rafalsonik.pl\/#website"},"datePublished":"2015-12-02T11:05:47+00:00","dateModified":"2015-12-24T08:20:33+00:00","breadcrumb":{"@id":"https:\/\/rafalsonik.pl\/en\/sportsman\/world-cup\/world-cup-2012\/#breadcrumb"},"inLanguage":"en-US","potentialAction":[{"@type":"ReadAction","target":["https:\/\/rafalsonik.pl\/en\/sportsman\/world-cup\/world-cup-2012\/"]}]},{"@type":"BreadcrumbList","@id":"https:\/\/rafalsonik.pl\/en\/sportsman\/world-cup\/world-cup-2012\/#breadcrumb","itemListElement":[{"@type":"ListItem","position":1,"name":"Home","item":"https:\/\/rafalsonik.pl\/en\/"},{"@type":"ListItem","position":2,"name":"Sportsman","item":"\/sportsman\/chronicle-of-sportsman\/"},{"@type":"ListItem","position":3,"name":"World Cup","item":"\/sportsman\/chronicle-of-sportsman\/"},{"@type":"ListItem","position":4,"name":"World Cup 2012"}]},{"@type":"WebSite","@id":"https:\/\/rafalsonik.pl\/#website","url":"https:\/\/rafalsonik.pl\/","name":"Rafa\u0142 Sonik","description":"Rafa\u0142 Sonik - Sportowiec","potentialAction":[{"@type":"SearchAction","target":{"@type":"EntryPoint","urlTemplate":"https:\/\/rafalsonik.pl\/?s={search_term_string}"},"query-input":"required name=search_term_string"}],"inLanguage":"en-US"}]}},"_links":{"self":[{"href":"https:\/\/rafalsonik.pl\/en\/wp-json\/wp\/v2\/pages\/2916"}],"collection":[{"href":"https:\/\/rafalsonik.pl\/en\/wp-json\/wp\/v2\/pages"}],"about":[{"href":"https:\/\/rafalsonik.pl\/en\/wp-json\/wp\/v2\/types\/page"}],"author":[{"embeddable":true,"href":"https:\/\/rafalsonik.pl\/en\/wp-json\/wp\/v2\/users\/1"}],"replies":[{"embeddable":true,"href":"https:\/\/rafalsonik.pl\/en\/wp-json\/wp\/v2\/comments?post=2916"}],"version-history":[{"count":3,"href":"https:\/\/rafalsonik.pl\/en\/wp-json\/wp\/v2\/pages\/2916\/revisions"}],"predecessor-version":[{"id":2989,"href":"https:\/\/rafalsonik.pl\/en\/wp-json\/wp\/v2\/pages\/2916\/revisions\/2989"}],"up":[{"embeddable":true,"href":"https:\/\/rafalsonik.pl\/en\/wp-json\/wp\/v2\/pages\/2893"}],"wp:attachment":[{"href":"https:\/\/rafalsonik.pl\/en\/wp-json\/wp\/v2\/media?parent=2916"}],"curies":[{"name":"wp","href":"https:\/\/api.w.org\/{rel}","templated":true}]}}